{"id":15,"date":"2017-03-29T13:02:45","date_gmt":"2017-03-29T11:02:45","guid":{"rendered":"http:\/\/nathaliegaillard.fr\/?page_id=15"},"modified":"2017-06-20T17:17:19","modified_gmt":"2017-06-20T15:17:19","slug":"bio","status":"publish","type":"page","link":"https:\/\/nathaliegaillard.fr\/?page_id=15","title":{"rendered":"bio"},"content":{"rendered":"<p>[et_pb_section admin_label=\u00a0\u00bbsection\u00a0\u00bb fullwidth=\u00a0\u00bboff\u00a0\u00bb specialty=\u00a0\u00bboff\u00a0\u00bb inner_shadow=\u00a0\u00bboff\u00a0\u00bb parallax=\u00a0\u00bboff\u00a0\u00bb][et_pb_row admin_label=\u00a0\u00bbrow\u00a0\u00bb][et_pb_column type=\u00a0\u00bb1_4&Prime;][et_pb_image admin_label=\u00a0\u00bbImage\u00a0\u00bb src=\u00a0\u00bbhttp:\/\/nathaliegaillard.fr\/wp-content\/uploads\/2017\/04\/nathalie.jpg\u00a0\u00bb show_in_lightbox=\u00a0\u00bboff\u00a0\u00bb url_new_window=\u00a0\u00bboff\u00a0\u00bb use_overlay=\u00a0\u00bboff\u00a0\u00bb animation=\u00a0\u00bbleft\u00a0\u00bb sticky=\u00a0\u00bboff\u00a0\u00bb align=\u00a0\u00bbleft\u00a0\u00bb force_fullwidth=\u00a0\u00bboff\u00a0\u00bb always_center_on_mobile=\u00a0\u00bbon\u00a0\u00bb use_border_color=\u00a0\u00bboff\u00a0\u00bb border_color=\u00a0\u00bb#ffffff\u00a0\u00bb border_style=\u00a0\u00bbsolid\u00a0\u00bb] [\/et_pb_image][\/et_pb_column][et_pb_column type=\u00a0\u00bb3_4&Prime;][et_pb_text admin_label=\u00a0\u00bbTexte\u00a0\u00bb background_layout=\u00a0\u00bblight\u00a0\u00bb text_orientation=\u00a0\u00bbleft\u00a0\u00bb use_border_color=\u00a0\u00bboff\u00a0\u00bb border_color=\u00a0\u00bb#ffffff\u00a0\u00bb border_style=\u00a0\u00bbsolid\u00a0\u00bb]<\/p>\n<p class=\"p1\"><span class=\"s1\">Depuis que je suis Freelance,\u00a0\u00a0j\u2019ai eu la chance de travailler dans\u00a0des domaines\u00a0tr\u00e8s \u00e9clectiques comme la finance, la lingerie, la d\u00e9coration ou l&rsquo;enseignement\u2026 et sur des supports\u00a0tr\u00e8s vari\u00e9s :\u00a0identit\u00e9 visuelle, \u00e9dition print ou\u00a0digitale, newsletter, site internet, banni\u00e8re, animation r\u00e9seaux sociaux\u2026<br \/>\nParall\u00e8lement, je pratique de la\u00a0s\u00e9rigraphie pour mon plaisir et parfois celui de mes clients\u00a0en r\u00e9alisant des affiches, des carnets et m\u00eame du textile, ce qui me rappelle mon passage dans le monde\u00a0de la d\u00e9coration que j&rsquo;appr\u00e9cie tant.<\/span><\/p>\n<p class=\"p1\"><span class=\"s1\">Petit ou grand projet, n\u2019h\u00e9sitez pas \u00e0 mon contacter, je serai ravie de r\u00e9pondre \u00e0 vos demandes !<\/span><\/p>\n<p>[\/et_pb_text][\/et_pb_column][\/et_pb_row][\/et_pb_section]<\/p>\n","protected":false},"excerpt":{"rendered":"<p>Depuis que je suis Freelance,\u00a0\u00a0j\u2019ai eu la chance de travailler dans\u00a0des domaines\u00a0tr\u00e8s \u00e9clectiques comme la finance, la lingerie, la d\u00e9coration ou l&rsquo;enseignement\u2026 et sur des supports\u00a0tr\u00e8s vari\u00e9s :\u00a0identit\u00e9 visuelle, \u00e9dition print ou\u00a0digitale, newsletter, site internet, banni\u00e8re, animation r\u00e9seaux sociaux\u2026 Parall\u00e8lement, je pratique de la\u00a0s\u00e9rigraphie pour mon plaisir et parfois celui de mes clients\u00a0en r\u00e9alisant des [&hellip;]<\/p>\n","protected":false},"author":1,"featured_media":0,"parent":0,"menu_order":0,"comment_status":"closed","ping_status":"closed","template":"","meta":{"_et_pb_use_builder":"on","_et_pb_old_content":"","_et_gb_content_width":""},"_links":{"self":[{"href":"https:\/\/nathaliegaillard.fr\/index.php?rest_route=\/wp\/v2\/pages\/15"}],"collection":[{"href":"https:\/\/nathaliegaillard.fr\/index.php?rest_route=\/wp\/v2\/pages"}],"about":[{"href":"https:\/\/nathaliegaillard.fr\/index.php?rest_route=\/wp\/v2\/types\/page"}],"author":[{"embeddable":true,"href":"https:\/\/nathaliegaillard.fr\/index.php?rest_route=\/wp\/v2\/users\/1"}],"replies":[{"embeddable":true,"href":"https:\/\/nathaliegaillard.fr\/index.php?rest_route=%2Fwp%2Fv2%2Fcomments&post=15"}],"version-history":[{"count":7,"href":"https:\/\/nathaliegaillard.fr\/index.php?rest_route=\/wp\/v2\/pages\/15\/revisions"}],"predecessor-version":[{"id":524,"href":"https:\/\/nathaliegaillard.fr\/index.php?rest_route=\/wp\/v2\/pages\/15\/revisions\/524"}],"wp:attachment":[{"href":"https:\/\/nathaliegaillard.fr\/index.php?rest_route=%2Fwp%2Fv2%2Fmedia&parent=15"}],"curies":[{"name":"wp","href":"https:\/\/api.w.org\/{rel}","templated":true}]}}